{"id":8,"date":"2022-11-03T21:35:20","date_gmt":"2022-11-03T21:35:20","guid":{"rendered":"https:\/\/www.ksiadzali.pl\/?page_id=8"},"modified":"2022-11-03T21:35:31","modified_gmt":"2022-11-03T21:35:31","slug":"golebnik","status":"publish","type":"page","link":"https:\/\/www.ksiadzali.pl\/?page_id=8","title":{"rendered":"Go\u0142\u0119bnik"},"content":{"rendered":"<p>Ksi\u0105dz Fedorowicz m\u00f3wi\u0142, \u017ce Boga mo\u017ce ukocha\u0107 tylko cz\u0142owiek ubogi i\u00a0wolny. Nie bez powodu patronem parafii, kt\u00f3r\u0105 zak\u0142ada\u0142 zosta\u0142 \u015bw. Franciszek. Pierwszy proboszcz Parafii \u015bw. Franciszka z Asy\u017cu w Izabelinie tak jak m\u00f3wi\u0142, tak i \u017cy\u0142\u2026 Ca\u0142e mieszkanie proboszcza stanowi\u0142o male\u0144kie pomieszczenie na pi\u0119trze, za \u015bcian\u0105 o\u0142tarzow\u0105, o powierzchni 5 m kw. Pokoik zwany by\u0142 \u201ego\u0142\u0119bnikiem\u201d. \u0141azienka by\u0142a w nim tak ma\u0142a, \u017ce brat ks.\u00a0Fedorowicza \u2013 ks. Tadeusz Fedorowicz \u017cartowa\u0142, \u017ce Ali to chyba\u00a0w\u00a0og\u00f3le si\u0119 nie myje. A\u00a0on \u015bmia\u0142 si\u0119, \u017ce przynajmniej nie musi wstawa\u0107 z\u00a0krzes\u0142a, bo wszystko ma w\u00a0zasi\u0119gu r\u0119ki. I cho\u0107 od \u015bmierci prostego Pasterza z Izabelina min\u0119\u0142o ponad p\u00f3\u0142 wieku \u201ego\u0142\u0119bnik\u201d pozosta\u0142 nietkni\u0119ty. B\u0119d\u0105c w Izabelinie wystarczy zajrze\u0107 do znajduj\u0105cej si\u0119 na ty\u0142ach parafii zakrystii sk\u0105d kilkana\u015bcie w\u0105skich, kr\u0119conych schod\u00f3w poprowadzi nas do male\u0144kiego pokoiku. Mo\u017cna tu stan\u0105\u0107, rozejrze\u0107 si\u0119, zaduma\u0107\u2026 by zrozumie\u0107 co w \u017cyciu jest najwa\u017cniejsze.<\/p>\n<p>Tekst i fot. Magdalena Kami\u0144ska<\/p>\n\n<p>&nbsp;<\/p>\n","protected":false},"excerpt":{"rendered":"<p>Ksi\u0105dz Fedorowicz m\u00f3wi\u0142, \u017ce Boga mo\u017ce ukocha\u0107 tylko cz\u0142owiek ubogi i\u00a0wolny. Nie bez powodu patronem parafii, kt\u00f3r\u0105 zak\u0142ada\u0142 zosta\u0142 \u015bw.<\/p>\n<p><a href=\"https:\/\/www.ksiadzali.pl\/?page_id=8\" class=\"more-link\">Continue reading<span class=\"screen-reader-text\">Go\u0142\u0119bnik<\/span><\/a><\/p>\n","protected":false},"author":1,"featured_media":0,"parent":0,"menu_order":0,"comment_status":"closed","ping_status":"closed","template":"full-width.php","meta":[],"_links":{"self":[{"href":"https:\/\/www.ksiadzali.pl\/index.php?rest_route=\/wp\/v2\/pages\/8"}],"collection":[{"href":"https:\/\/www.ksiadzali.pl\/index.php?rest_route=\/wp\/v2\/pages"}],"about":[{"href":"https:\/\/www.ksiadzali.pl\/index.php?rest_route=\/wp\/v2\/types\/page"}],"author":[{"embeddable":true,"href":"https:\/\/www.ksiadzali.pl\/index.php?rest_route=\/wp\/v2\/users\/1"}],"replies":[{"embeddable":true,"href":"https:\/\/www.ksiadzali.pl\/index.php?rest_route=%2Fwp%2Fv2%2Fcomments&post=8"}],"version-history":[{"count":1,"href":"https:\/\/www.ksiadzali.pl\/index.php?rest_route=\/wp\/v2\/pages\/8\/revisions"}],"predecessor-version":[{"id":9,"href":"https:\/\/www.ksiadzali.pl\/index.php?rest_route=\/wp\/v2\/pages\/8\/revisions\/9"}],"wp:attachment":[{"href":"https:\/\/www.ksiadzali.pl\/index.php?rest_route=%2Fwp%2Fv2%2Fmedia&parent=8"}],"curies":[{"name":"wp","href":"https:\/\/api.w.org\/{rel}","templated":true}]}}