{"id":5,"date":"2022-11-03T21:22:59","date_gmt":"2022-11-03T21:22:59","guid":{"rendered":"https:\/\/www.ksiadzali.pl\/?page_id=5"},"modified":"2022-11-03T21:35:46","modified_gmt":"2022-11-03T21:35:46","slug":"modlitwa","status":"publish","type":"page","link":"https:\/\/www.ksiadzali.pl\/?page_id=5","title":{"rendered":"Modlitwa"},"content":{"rendered":"<p><em><strong><br \/>\nModlitwa o beatyfikacj\u0119 ksi\u0119dza Aleksandra Fedorowicza, proboszcza w Izabelinie (1914\u20131965)<\/strong><\/em><\/p>\n<p>Bo\u017ce w Tr\u00f3jcy \u015awi\u0119tej Jedyny, Ty w swojej przedziwnej opatrzno\u015bci wci\u0105\u017c obdarzasz Ko\u015bci\u00f3\u0142 nowymi \u015bwiadkami Twojej mi\u0142o\u015bci. Wychwalamy Ci\u0119 za to, \u017ce da\u0142e\u015b nam niestrudzonego kap\u0142ana Aleksandra Fedorowicza. Bo\u017ce, Ty wiesz, jak ks. Aleksander ca\u0142ym sercem dawa\u0142 o Tobie radosne \u015bwiadectwo, tak\u017ce w uporczywej ci\u0119\u017ckiej chorobie, powtarzaj\u0105c cz\u0119sto s\u0142owa: \u201eB\u00f3g jest Mi\u0142o\u015bci\u0105\u201d. Wejrzyj, Bo\u017ce, na to, z jak wielk\u0105 wiar\u0105 naucza\u0142, \u017ce celem \u017cycia ludzkiego jest zjednoczenie z Tob\u0105 i \u017ce tylko ono jest trwa\u0142ym fundamentem jedno\u015bci mi\u0119dzy lud\u017ami. Pomnij, Bo\u017ce, na to, \u017ce ks. Aleksander o\u017cywiony Twoim Duchem wskazywa\u0142, i\u017c Eucharystia jest centrum \u017cycia chrze\u015bcija\u0144skiego, przez co przyczyni\u0142 si\u0119 do odnowy \u017cycia liturgicznego Ko\u015bcio\u0142a w Polsce zgodnie z nauczaniem Soboru Watyka\u0144skiego II.<\/p>\n<p>Spraw, Bo\u017ce, aby zosta\u0142 on wyniesiony na o\u0142tarze i m\u00f3g\u0142 przez swoje wstawiennictwo umacnia\u0107 Twoich kap\u0142an\u00f3w, a szczeg\u00f3lnie proboszcz\u00f3w oraz ludzi dotkni\u0119tych cierpieniem, nieuleczalnie chorych, niewidomych i wszystkich, kt\u00f3rzy za jego przyczyn\u0105 b\u0119d\u0105 si\u0119 do Ciebie zwraca\u0107. Kt\u00f3ry \u017cyjesz i kr\u00f3lujesz na wieki wiek\u00f3w. Amen.<\/p>\n<p>Pokornie Ci\u0119 b\u0142agam, Bo\u017ce, udziel mi za wstawiennictwem ks. Aleksandra Fedorowicza tej \u0142aski, o kt\u00f3r\u0105 teraz szczeg\u00f3lnie prosz\u0119\u2026.<\/p>\n<p><em>Za wiedz\u0105 Kurii Metropolitalnej Warszawskiej z dnia 03.12.2014\/Nr3946\/D\/2014<\/em><\/p>\n<p><a href=\"https:\/\/www.aleksanderfedorowicz.pl\/wp-content\/uploads\/2022\/03\/Modlitwa-scaled.jpg\" target=\"_blank\" rel=\"noopener\"><img decoding=\"async\" loading=\"lazy\" class=\"aligncenter wp-image-981 size-full\" src=\"https:\/\/www.aleksanderfedorowicz.pl\/wp-content\/uploads\/2022\/03\/Modlitwa-scaled.jpg\" alt=\"\" width=\"960\" height=\"2560\" \/><\/a><\/p>\n<p>Modlitwa do pobrania: <a href=\"https:\/\/www.aleksanderfedorowicz.pl\/wp-content\/uploads\/2022\/03\/ks.-Fedorowicz-modlitwa_2022.pdf\">ks. Fedorowicz modlitwa_2022<\/a><\/p>\n","protected":false},"excerpt":{"rendered":"<p>Modlitwa o beatyfikacj\u0119 ksi\u0119dza Aleksandra Fedorowicza, proboszcza w Izabelinie (1914\u20131965) Bo\u017ce w Tr\u00f3jcy \u015awi\u0119tej Jedyny, Ty w swojej przedziwnej opatrzno\u015bci<\/p>\n<p><a href=\"https:\/\/www.ksiadzali.pl\/?page_id=5\" class=\"more-link\">Continue reading<span class=\"screen-reader-text\">Modlitwa<\/span><\/a><\/p>\n","protected":false},"author":1,"featured_media":0,"parent":0,"menu_order":0,"comment_status":"closed","ping_status":"closed","template":"full-width.php","meta":[],"_links":{"self":[{"href":"https:\/\/www.ksiadzali.pl\/index.php?rest_route=\/wp\/v2\/pages\/5"}],"collection":[{"href":"https:\/\/www.ksiadzali.pl\/index.php?rest_route=\/wp\/v2\/pages"}],"about":[{"href":"https:\/\/www.ksiadzali.pl\/index.php?rest_route=\/wp\/v2\/types\/page"}],"author":[{"embeddable":true,"href":"https:\/\/www.ksiadzali.pl\/index.php?rest_route=\/wp\/v2\/users\/1"}],"replies":[{"embeddable":true,"href":"https:\/\/www.ksiadzali.pl\/index.php?rest_route=%2Fwp%2Fv2%2Fcomments&post=5"}],"version-history":[{"count":1,"href":"https:\/\/www.ksiadzali.pl\/index.php?rest_route=\/wp\/v2\/pages\/5\/revisions"}],"predecessor-version":[{"id":6,"href":"https:\/\/www.ksiadzali.pl\/index.php?rest_route=\/wp\/v2\/pages\/5\/revisions\/6"}],"wp:attachment":[{"href":"https:\/\/www.ksiadzali.pl\/index.php?rest_route=%2Fwp%2Fv2%2Fmedia&parent=5"}],"curies":[{"name":"wp","href":"https:\/\/api.w.org\/{rel}","templated":true}]}}