{"id":40,"date":"2022-11-03T21:52:13","date_gmt":"2022-11-03T21:52:13","guid":{"rendered":"https:\/\/www.ksiadzali.pl\/?page_id=40"},"modified":"2022-11-03T21:52:13","modified_gmt":"2022-11-03T21:52:13","slug":"prymas-wyszynski","status":"publish","type":"page","link":"https:\/\/www.ksiadzali.pl\/?page_id=40","title":{"rendered":"Prymas Wyszy\u0144ski"},"content":{"rendered":"<p><strong>WSZYSTKO POSTAWI\u0141EM NA MARYJ\u0118<\/strong><\/p>\n<p><strong style=\"color: var(--global-palette4); font-family: var(--global-body-font-family);\"><em><img decoding=\"async\" loading=\"lazy\" class=\"alignleft\" src=\"https:\/\/www.aleksanderfedorowicz.pl\/wp-content\/uploads\/2021\/12\/Prymas-i-Maryja-258x300.jpg\" alt=\"\" width=\"258\" height=\"300\" \/><\/em><\/strong><\/p>\n<p><strong><em>\u00a0\u00a0 Maryja wiecznie daje nam Boga. \u015awiat musi t\u0119 prawd\u0119 widzie\u0107, musi j\u0105 uzna\u0107 i chcie\u0107 ni\u0105 \u017cy\u0107. Nie ma innej drogi do Boga, jak tylko przez r\u0119ce Maryi. B\u00f3g sam nie chce inaczej udziela\u0107 si\u0119 \u015bwiatu, jak tylko z ramion Maryi &#8211;<\/em><\/strong><strong> m\u00f3wi\u0142 Prymas Polski kard. <\/strong><strong>Stefan Wyszy\u0144ski, kt\u00f3ry swoje \u017cycie, ca\u0142\u0105 duszpastersk\u0105 pos\u0142ug\u0119 i Polsk\u0119 powierzy\u0142 Matce Przenaj\u015bwi\u0119tszej w jasnog\u00f3rskim wizerunku.<\/strong><\/p>\n<p>Przysz\u0142y prymas urodzi\u0142 si\u0119 3 sierpnia 1901 r. w Zuzeli jako drugie dziecko Stanis\u0142awa i Julianny Wyszy\u0144skich. Tata Stefana by\u0142 organist\u0105, mama oddana rodzinie, zmar\u0142a w 1910 r.\u00a0 Rodzice wyr\u00f3\u017cniali si\u0119 wielk\u0105 pobo\u017cno\u015bci\u0105. <em>\u201eWiele razy znajdowa\u0142em Ojca, kt\u00f3rego B\u00f3g obdarzy\u0142 g\u0142\u0119bok\u0105 religijno\u015bci\u0105 i darem modlitwy przed obrazem Matki Bo\u017cej Cz\u0119stochowskiej. Cz\u0119sto je\u017adzi\u0142 na Jasn\u0105 G\u00f3r\u0119, a moja Matka &#8211; do Ostrej Bramy.<\/em> <em>Te dwa obrazy wisia\u0142y w naszym domu\u201d <\/em>Po przeprowadzce do Andrzejowa, Stefan wraz z rodze\u0144stwem ucz\u0119szcza\u0142 do rosyjskoj\u0119zycznej szko\u0142y. Ojciec, kt\u00f3ry o\u017ceni\u0142 si\u0119 powt\u00f3rnie, dba\u0142 jednak o nauk\u0119 j\u0119zyka polskiego i podsuwa\u0142 dzieciom lektury w ojczystym j\u0119zyku. Stefan Wyszy\u0144ski w 1913 r. przyst\u0105pi\u0142 do sakramentu bierzmowania. W parafii Andrzejowo dojrza\u0142a w ch\u0142opcu my\u015bl o tym, aby p\u00f3j\u015b\u0107 do seminarium do kt\u00f3rego wst\u0105pi\u0142 w 1920 r. <em>&#8211; W\u00a0czasie pobytu w\u00a0Seminarium Duchownym we W\u0142oc\u0142awku dwa nabo\u017ce\u0144stwa wzajemnie si\u0119 uzupe\u0142nia\u0142y: do Serca Pana Jezusa i do Matki Bo\u017cej Jasnog\u00f3rskiej, kt\u00f3rej obraz by\u0142 w\u00a0bocznym o\u0142tarzu. Wszystkie \u015bwi\u0119ta Matki Bo\u017cej obchodzi\u0142em z wielkim podniesieniem ducha <\/em>\u2013 wspomina\u0142 po latach. Z powodu komplikacji zdrowotnych \u015bwi\u0119cenia przyj\u0105\u0142 kilka tygodni p\u00f3\u017aniej ni\u017c inni &#8211; indywidualnie 3 sierpnia 1924 r. Dwa dni p\u00f3\u017aniej odprawi\u0142 Msz\u0119 prymicyjna na Jasnej G\u00f3rze w Kaplicy Cudownego Obrazu. <em>\u201ePojecha\u0142em na Jasn\u0105 G\u00f3r\u0119, aby mie\u0107 Matk\u0119, aby stan\u0119\u0142a przy ka\u017cdej mojej Mszy \u015bwi\u0119tej, jak stan\u0119\u0142a przy Chrystusie na Kalwarii\u201d. <\/em>Jesieni\u0105 rozpocz\u0105\u0142 dzia\u0142alno\u015b\u0107 jako wikariusz katedry W\u0142oc\u0142awskiej. Zosta\u0142 te\u017c redaktorem dziennika \u201eS\u0142owo Kujawskie\u201d. Podj\u0105\u0142 studia w zakresie prawa kanonicznego i nauk spo\u0142eczno-ekonomicznych na Katolickim Uniwersytecie Lubelskim. Podczas studi\u00f3w pracowa\u0142 jako wicedyrektor konwiktu ksi\u0119\u017cy student\u00f3w oraz prowadzi\u0142 duszpasterstwo w\u015br\u00f3d akademik\u00f3w w Stowarzyszeniu M\u0142odzie\u017cy Akademickiej\u00a0<em>\u201eOdrodzenie\u201d<\/em>. W tym czasie spotka\u0142 si\u0119 z ksi\u0119dzem W\u0142adys\u0142awem Korni\u0142owiczem, kt\u00f3ry sta\u0142 si\u0119 jego duchowym ojcem. <em>\u201eNosi\u0142em si\u0119 z zamiarem wst\u0105pienia do zakonu paulin\u00f3w i po\u015bwi\u0119cenia si\u0119 pracy w\u015br\u00f3d pielgrzym\u00f3w. Ojciec Korni\u0142owicz, m\u00f3j kierownik duchowy, o\u015bwiadczy\u0142 mi, \u017ce to nie jest moja droga. Ale nie przesta\u0142em my\u015ble\u0107, \u017ce \u017cycie moje musi jednak i\u015b\u0107 drog\u0105 maryjn\u0105, jakkolwiek by p\u0142yn\u0119\u0142o.\u201d<\/em> W kolejnych latach m\u0142ody kap\u0142an prowadzi\u0142 m.in. Chrze\u015bcija\u0144ski Uniwersytet Robotniczy, by\u0142 dyrektorem Diecezjalnych Dzie\u0142 Misyjnych, podj\u0105\u0142 obowi\u0105zki promotora sprawiedliwo\u015bci i obro\u0144cy w\u0119z\u0142a ma\u0142\u017ce\u0144skiego, a\u00a0potem s\u0119dziego S\u0105du Biskupiego w Kurii W\u0142oc\u0142awskiej. Kierowa\u0142 Sodalicj\u0105 Maria\u0144sk\u0105 Ziemian Ziemi Kujawsko-Dobrzy\u0144skiej. Prowadzi\u0142 prac\u0119 spo\u0142eczno-o\u015bwiatow\u0105 w Chrze\u015bcija\u0144skich Zwi\u0105zkach Zawodowych. Zorganizowa\u0142 Katolicki Zwi\u0105zek M\u0142odzie\u017cy Robotniczej. Jego wielkie zaanga\u017cowanie spo\u0142eczne zosta\u0142o dostrze\u017cone i Kardyna\u0142 August Hlond w 1937 r. mianowa\u0142 go cz\u0142onkiem rady spo\u0142ecznej przy Prymasie Polski.<\/p>\n<p>W czasie wojny Stefan Wyszy\u0144ski ledwie unikn\u0105\u0142 aresztowania przez gestapo. W latach 1940-1942 przebywa\u0142 najpierw w Koz\u0142\u00f3wce pe\u0142ni\u0105c opiek\u0119 duchow\u0105 nad grup\u0105 si\u00f3str i niewidomych dzieci przesiedlonych z Lasek pod Warszaw\u0105, a nast\u0119pnie w \u017bu\u0142owie, by powr\u00f3ci\u0107 do Lasek pe\u0142ni\u0105c funkcj\u0119 kapelana zak\u0142adu dla niewidomych. Podczas Powstania Warszawskiego by\u0142 kapelanem szpitala powsta\u0144czego, a tak\u017ce AK okr\u0119gu wojskowego \u017boliborz pod pseudonimem \u201eRadwan III\u201d. Po wojnie powr\u00f3ci\u0142 do W\u0142oc\u0142awka, gdzie najpierw zosta\u0142 mianowany rektorem Seminarium Duchownego, a nast\u0119pnie w 1946 r. biskupem lubelskim. Sakr\u0119 biskupi\u0105 przyj\u0105\u0142 na Jasnej G\u00f3rze 12 maja 1946 r., z r\u0105k prymasa Augusta Hlonda. Jako dewiz\u0119 przyj\u0105\u0142 has\u0142o <em>Soli Deo (Jedynemu Bogu)<\/em>. Dwa lata p\u00f3\u017aniej, po \u015bmierci kardyna\u0142a Hlonda, zosta\u0142 podniesiony do godno\u015bci arcybiskupa metropolity warszawsko \u2013 gnie\u017anie\u0144skiego, prymasa Polski, a w 1953 r. otrzyma\u0142 kapelusz kardynalski. 14 lutego 1950 r. prymas Wyszy\u0144ski, jako g\u0142owa polskiego Ko\u015bcio\u0142a zawar\u0142 porozumienie z w\u0142adzami PRL. By\u0142a to jedyna deklaracja prawna okre\u015blaj\u0105ca sytuacj\u0119 Ko\u015bcio\u0142a w Polsce. W\u0142adze komunistyczne jednak nie zamierza\u0142y dotrzymywa\u0107 zobowi\u0105za\u0144 i wkr\u00f3tce prymas zosta\u0142 aresztowany. Przebywa\u0142 w kolejnych miejscach odosobnienia: Rywa\u0142dzie Kr\u00f3lewskim, Stoczku Warmi\u0144skim, Prudniku \u015al\u0105skim oraz Koma\u0144czy. 8 grudnia 1953 r. Dokona\u0142 Aktu Osobistego Oddania si\u0119 Matce Bo\u017cej.<\/p>\n<p><strong>\u201e\u015awi\u0119ta Maryjo, Bogurodzico Dziewico, obieram sobie dzisiaj Ciebie za Pani\u0105, Or\u0119downiczk\u0119, Patronk\u0119, Opiekunk\u0119 i Matk\u0119 moj\u0105. Postanawiam sobie mocno i przyrzekam, \u017ce Ci\u0119 nigdy nie opuszcz\u0119, nie powiem i nie uczyni\u0119 nic przeciwko Tobie. Nie pozwol\u0119 nigdy, aby inni cokolwiek czynili, co uw\u0142acza\u0142oby czci Twojej. B\u0142agam Ci\u0119, przyjmij mnie na zawsze za s\u0142ug\u0119 i dziecko swoje. B\u0105d\u017a mi pomoc\u0105 we wszystkich moich potrzebach duszy i cia\u0142a oraz w pracy kap\u0142a\u0144skiej dla innych. Oddaj\u0119 si\u0119 Tobie, Maryjo, ca\u0142kowicie w niewol\u0119, a jako Tw\u00f3j niewolnik po\u015bwi\u0119cam Ci cia\u0142o i dusz\u0119 moj\u0105, dobra wewn\u0119trzne i zewn\u0119trzne, nawet warto\u015b\u0107 dobrych uczynk\u00f3w moich, zar\u00f3wno przesz\u0142ych jak obecnych i przysz\u0142ych, pozostawiaj\u0105c Ci ca\u0142kowite i zupe\u0142ne prawo rozporz\u0105dzania mn\u0105 i wszystkim bez wyj\u0105tku, co do mnie nale\u017cy, wed\u0142ug Twego upodobania, ku wi\u0119kszej chwale Boga, w czasie i w wieczno\u015bci. Pragn\u0119 przez Ciebie, z Tob\u0105, w Tobie i dla Ciebie sta\u0107 si\u0119 niewolnikiem ca\u0142kowitym Syna Twojego, kt\u00f3remu Ty, o Matko, oddaj mnie w niewol\u0119, jak ja Tobie odda\u0142em si\u0119 w niewol\u0119. Wszystko, cokolwiek czyni\u0107 b\u0119d\u0119, przez Twoje R\u0119ce Niepokalane, Po\u015bredniczko \u0142ask wszelkich, oddaj\u0119 ku chwale Tr\u00f3jcy \u015awi\u0119tej \u2013 Soli Deo! Maryjo Jasnog\u00f3rska, nie opuszczaj mnie w pracy codziennej i oka\u017c swe czyste Oblicze w godzin\u0119 \u015bmierci mojej. Amen.\u201d<\/strong><\/p>\n<p>Podczas pobytu prymasa w Koma\u0144czy powsta\u0142 tekst Jasnog\u00f3rskich \u015alub\u00f3w Narodu Polskiego, pomy\u015blanych jako odnowienie \u015blub\u00f3w lwowskich Jana Kazimierza z czas\u00f3w Potopu szwedzkiego. Po odzyskaniu wolno\u015bci Prymas Stefan Wyszy\u0144ski w latach 1957 \u2013 1966 prowadzi\u0142 Wielk\u0105 Nowenn\u0119, kt\u00f3ra mia\u0142a przygotowa\u0107 nar\u00f3d na obchody Tysi\u0105clecia Chrztu Polski. Nowenna zako\u0144czy\u0142a si\u0119 3 maja 1966 r. Aktem Oddania Narodu Matce Bo\u017cej za wolno\u015b\u0107 Ko\u015bcio\u0142a w Polsce i na \u015bwiecie. Nowennie towarzyszy\u0142a peregrynacja po polskich parafiach kopii <a href=\"https:\/\/dziedzictwo.ekai.pl\/@@jasna_gora_obraz\" target=\"_blank\" rel=\"noopener\">CUDOWNEGO OBRAZU MATKI BOSKIEJ CZ\u0118STOCHOWSKIEJ<\/a>. \u00a0Kardyna\u0142 Wyszy\u0144ski by\u0142 te\u017c jednym z inicjator\u00f3w s\u0142ynnego or\u0119dzia biskup\u00f3w polskich i biskup\u00f3w niemieckich, co spotka\u0142o si\u0119 z ostr\u0105 reakcj\u0105 w\u0142adz komunistycznych. Pozostawa\u0142 aktywnym uczestnikiem obrad Soboru Watyka\u0144skiego II, podczas kt\u00f3rego z\u0142o\u017cy\u0142 na r\u0119ce papie\u017ca Paw\u0142a VI memoria\u0142 Episkopatu Polski w sprawie og\u0142oszenia Maryi Matk\u0105 Ko\u015bcio\u0142a. Pro\u015bba ta zosta\u0142a spe\u0142niona 21 listopada 1964 r.<\/p>\n<p>Zmar\u0142 28 maja 1981 w Warszawie, w uroczysto\u015b\u0107 Wniebowst\u0105pienia Pa\u0144skiego, a jego cia\u0142o spocz\u0119\u0142o w podziemiach katedry \u015bw. Jana w Warszawie. Beatyfikacja Kardyna\u0142a Stefana Wyszy\u0144skiego i Matki El\u017cbiety R\u00f3\u017cy Czackiej odby\u0142a si\u0119 w \u015awi\u0105tyni Opatrzno\u015bci Bo\u017cej w Warszawie 12 wrze\u015bnia 2021 r.<\/p>\n<p>Nasz umi\u0142owany Papie\u017c Polak Jan Pawe\u0142 II podczas inauguracji swojego pontyfikatu, 22 pa\u017adziernika 1978 r. powiedzia\u0142: <em>Nie by\u0142oby na stolicy tego Papie\u017ca \u2013 Polaka (&#8230;) gdyby nie by\u0142o Twojej wiary nie cofaj\u0105cej si\u0119 przed wi\u0119zieniem i cierpieniem, Twojej heroicznej nadziei, Twojego zawierzenia bez reszty Matce Ko\u015bcio\u0142a, gdyby nie by\u0142o Jasnej G\u00f3ry i tego ca\u0142ego okresu dziej\u00f3w Ko\u015bcio\u0142a w Ojczy\u017anie naszej, kt\u00f3ry jest zwi\u0105zany z Twoim biskupim i prymasowskim pos\u0142ugiwaniem.<\/em><em>\u00a0\u00a0\u00a0 <\/em><\/p>\n<p><strong>Modlitwa o \u0142aski za wstawiennictwem Prymasa Stefana Wyszy\u0144skiego<\/strong><\/p>\n<p><strong>Bo\u017ce w Tr\u00f3jcy \u015awi\u0119tej Jedyny, Ty w swojej niewypowiedzianej dobroci powo\u0142ujesz ci\u0105gle nowych aposto\u0142\u00f3w, aby przybli\u017cali \u015bwiatu Twoj\u0105 Mi\u0142o\u015b\u0107. B\u0105d\u017a uwielbiony za to, \u017ce da\u0142e\u015b nam opatrzno\u015bciowego Pasterza Stefana Kardyna\u0142a Wyszy\u0144skiego, Prymasa Tysi\u0105clecia. Bo\u017ce, \u017ar\u00f3d\u0142o wszelkiej \u015bwi\u0119to\u015bci, spraw, prosimy Ci\u0119, aby Ko\u015bci\u00f3\u0142 zaliczy\u0142 go do grona swoich \u015bwi\u0119tych. Wejrzyj na jego heroiczn\u0105 wiar\u0119, ca\u0142kowite oddanie si\u0119 Tobie, na jego m\u0119stwo wobec przeciwno\u015bci\u00a0i prze\u015bladowa\u0144, kt\u00f3re znosi\u0142 dla imienia Twego. Pomnij, jak bardzo umi\u0142owa\u0142 Ko\u015bci\u00f3\u0142 Twojego Syna, jak wiernie kocha\u0142 Ojczyzn\u0119 i ka\u017cdego cz\u0142owieka, broni\u0105c jego godno\u015bci \u00a0i praw, przebaczaj\u0105c wrogom, z\u0142o dobrem zwyci\u0119\u017caj\u0105c. Otocz chwa\u0142\u0105 wiernego S\u0142ug\u0119 Twojego Stefana Kardyna\u0142a, kt\u00f3ry wszystko postawi\u0142 na Maryj\u0119 i Jej zawierzy\u0142 bez granic, u Niej szukaj\u0105c pomocy w obronie wiary Chrystusowej i wolno\u015bci Narodu. Ojcze niesko\u0144czenie dobry, uczy\u0144 go or\u0119downikiem naszych spraw przed Tob\u0105. Amen.<\/strong><\/p>\n<p><strong>Pokornie Ci\u0119 b\u0142agam Bo\u017ce, udziel mi za wstawiennictwem Stefana Kardyna\u0142a Wyszy\u0144skiego, tej \u0142aski, o kt\u00f3r\u0105 Ci\u0119 teraz szczeg\u00f3lnie prosz\u0119\u2026<\/strong><\/p>\n<p style=\"text-align: right;\"><strong>\u00a0<\/strong><em>opr. Magdalena Kami\u0144ska<\/em><\/p>\n<p><em>\u00a0<\/em><\/p>\n","protected":false},"excerpt":{"rendered":"<p>WSZYSTKO POSTAWI\u0141EM NA MARYJ\u0118 \u00a0\u00a0 Maryja wiecznie daje nam Boga. \u015awiat musi t\u0119 prawd\u0119 widzie\u0107, musi j\u0105 uzna\u0107 i chcie\u0107<\/p>\n<p><a href=\"https:\/\/www.ksiadzali.pl\/?page_id=40\" class=\"more-link\">Continue reading<span class=\"screen-reader-text\">Prymas Wyszy\u0144ski<\/span><\/a><\/p>\n","protected":false},"author":1,"featured_media":0,"parent":0,"menu_order":0,"comment_status":"closed","ping_status":"closed","template":"full-width.php","meta":[],"_links":{"self":[{"href":"https:\/\/www.ksiadzali.pl\/index.php?rest_route=\/wp\/v2\/pages\/40"}],"collection":[{"href":"https:\/\/www.ksiadzali.pl\/index.php?rest_route=\/wp\/v2\/pages"}],"about":[{"href":"https:\/\/www.ksiadzali.pl\/index.php?rest_route=\/wp\/v2\/types\/page"}],"author":[{"embeddable":true,"href":"https:\/\/www.ksiadzali.pl\/index.php?rest_route=\/wp\/v2\/users\/1"}],"replies":[{"embeddable":true,"href":"https:\/\/www.ksiadzali.pl\/index.php?rest_route=%2Fwp%2Fv2%2Fcomments&post=40"}],"version-history":[{"count":1,"href":"https:\/\/www.ksiadzali.pl\/index.php?rest_route=\/wp\/v2\/pages\/40\/revisions"}],"predecessor-version":[{"id":41,"href":"https:\/\/www.ksiadzali.pl\/index.php?rest_route=\/wp\/v2\/pages\/40\/revisions\/41"}],"wp:attachment":[{"href":"https:\/\/www.ksiadzali.pl\/index.php?rest_route=%2Fwp%2Fv2%2Fmedia&parent=40"}],"curies":[{"name":"wp","href":"https:\/\/api.w.org\/{rel}","templated":true}]}}