{"id":38,"date":"2022-11-03T21:51:29","date_gmt":"2022-11-03T21:51:29","guid":{"rendered":"https:\/\/www.ksiadzali.pl\/?page_id=38"},"modified":"2022-11-03T21:51:29","modified_gmt":"2022-11-03T21:51:29","slug":"matka-czacka","status":"publish","type":"page","link":"https:\/\/www.ksiadzali.pl\/?page_id=38","title":{"rendered":"Matka Czacka"},"content":{"rendered":"<p><strong>MATKA NIEWIDOMYCH NA CIELE I DUSZY<\/strong><\/p>\n<p><img decoding=\"async\" loading=\"lazy\" class=\"alignleft\" style=\"color: var(--global-palette4); font-family: var(--global-body-font-family);\" src=\"https:\/\/www.aleksanderfedorowicz.pl\/wp-content\/uploads\/2021\/12\/Matka2-217x300.jpg\" sizes=\"(max-width: 217px) 100vw, 217px\" srcset=\"https:\/\/www.aleksanderfedorowicz.pl\/wp-content\/uploads\/2021\/12\/Matka2-217x300.jpg 217w, https:\/\/www.aleksanderfedorowicz.pl\/wp-content\/uploads\/2021\/12\/Matka2.jpg 569w\" alt=\"\" width=\"217\" height=\"300\" \/><\/p>\n<p>Pokora i prostota, ub\u00f3stwo i pos\u0142usze\u0144stwo to cnoty, kt\u00f3rymi niewidoma Matka niewidomych \u2013 siostra R\u00f3\u017ca El\u017cbieta Czacka \u017cy\u0142a na co dzie\u0144. Za\u0142o\u017cy\u0142a Zak\u0142ad dla dzieci niewidomych oraz \u2013 cho\u0107 z pozoru wydaje si\u0119 to nieprawdopodobne \u2013 Zgromadzenie Si\u00f3str Franciszkanek S\u0142u\u017cebnic Krzy\u017ca.\u00a0<strong>\u201ePodstaw\u0105 \u017cycia w Laskach \u2013 pisa\u0142a \u2013 musi by\u0107 mi\u0142o\u015b\u0107. Mi\u0142o\u015b\u0107 Boga i bli\u017aniego\u2026 Mi\u0142o\u015b\u0107 w my\u015blach, s\u0142owach i uczynkach\u2026<\/strong><\/p>\n<p>R\u00f3\u017ca Czacka urodzi\u0142a si\u0119 22 pa\u017adziernika 1876 roku w Bia\u0142ej Cerkwi (obecnie Ukraina). By\u0142a sz\u00f3stym z siedmiorga dzieci Zofii z\u00a0domu Led\u00f3chowskiej i Feliksa Czackiego. Ju\u017c jako ma\u0142a dziewczynka mia\u0142a problemy ze wzrokiem. Pomimo usilnych pr\u00f3b ratowania go \u2013 w wieku 22 lat po upadku z konia straci\u0142a go bezpowrotnie. Dr\u00a0<strong>Boles\u0142aw Ryszard Gepner<\/strong>\u00a0nie pozostawi\u0142 w\u00f3wczas w rozmowie z m\u0142od\u0105 hrabiank\u0105 \u017cadnych z\u0142udze\u0144. Da\u0142 jasno do zrozumienia, \u017ce cokolwiek by nie robi\u0142a nigdy ju\u017c nie odzyska wzroku i by\u0107 mo\u017ce warto aby zaj\u0119\u0142a si\u0119 tymi, kt\u00f3rych tak\u017ce dotkn\u0119\u0142a \u015blepota. Niewidoma zamkn\u0119\u0142a si\u0119 w\u00f3wczas na trzy dni w swoim pokoju, a po jego opuszczeniu \u00a0nie skupiaj\u0105c si\u0119 na sobie i w\u0142asnym cierpieniu, ale przekuwaj\u0105c je w dobro zacz\u0119\u0142a nie\u015b\u0107 pomoc drugiemu cz\u0142owiekowi. Nauczy\u0142a si\u0119 alfabetu Braille\u2019a, zapozna\u0142a z najnowszymi osi\u0105gni\u0119ciami nauki o niewidomych, podr\u00f3\u017cowa\u0142a po Europie (m.in. do Francji, Austrii, Szwajcarii) by bogatsza w do\u015bwiadczenia i wiedz\u0119 w 1911 r. za\u0142o\u017cy\u0107 Towarzystwo Opieki nad\u00a0Ociemnia\u0142ymi. Staraniem nowej instytucji w\u00a0Warszawie powsta\u0142y m.in: szko\u0142a powszechna, biblioteka brajlowska oraz tzw. patronat, obejmuj\u0105cy na terenie miasta doros\u0142ych niewidomych i\u00a0ich rodziny.<\/p>\n<p><img decoding=\"async\" loading=\"lazy\" class=\"alignright\" src=\"https:\/\/www.aleksanderfedorowicz.pl\/wp-content\/uploads\/2021\/12\/15.-Ks.-Prymas-Wyszynski-z-Matka-Elzbieta-Czacka-i-Maria-Okonska-w-Laskach-AFSK-292x300.jpg\" sizes=\"(max-width: 292px) 100vw, 292px\" srcset=\"https:\/\/www.aleksanderfedorowicz.pl\/wp-content\/uploads\/2021\/12\/15.-Ks.-Prymas-Wyszynski-z-Matka-Elzbieta-Czacka-i-Maria-Okonska-w-Laskach-AFSK-292x300.jpg 292w, https:\/\/www.aleksanderfedorowicz.pl\/wp-content\/uploads\/2021\/12\/15.-Ks.-Prymas-Wyszynski-z-Matka-Elzbieta-Czacka-i-Maria-Okonska-w-Laskach-AFSK-997x1024.jpg 997w, https:\/\/www.aleksanderfedorowicz.pl\/wp-content\/uploads\/2021\/12\/15.-Ks.-Prymas-Wyszynski-z-Matka-Elzbieta-Czacka-i-Maria-Okonska-w-Laskach-AFSK-768x789.jpg 768w, https:\/\/www.aleksanderfedorowicz.pl\/wp-content\/uploads\/2021\/12\/15.-Ks.-Prymas-Wyszynski-z-Matka-Elzbieta-Czacka-i-Maria-Okonska-w-Laskach-AFSK-1495x1536.jpg 1495w, https:\/\/www.aleksanderfedorowicz.pl\/wp-content\/uploads\/2021\/12\/15.-Ks.-Prymas-Wyszynski-z-Matka-Elzbieta-Czacka-i-Maria-Okonska-w-Laskach-AFSK-1994x2048.jpg 1994w, https:\/\/www.aleksanderfedorowicz.pl\/wp-content\/uploads\/2021\/12\/15.-Ks.-Prymas-Wyszynski-z-Matka-Elzbieta-Czacka-i-Maria-Okonska-w-Laskach-AFSK-50x50.jpg 50w\" alt=\"\" width=\"292\" height=\"300\" \/>\u00a0\u00a0 Lata I wojny \u015bwiatowej R\u00f3\u017ca Czacka sp\u0119dzi\u0142a w \u017bytomierzu, gdzie zapewne pojawi\u0142a si\u0119 my\u015bl o podj\u0119ciu \u017cycia zakonnego oraz o powo\u0142aniu nowego zgromadzenia, kt\u00f3re s\u0142u\u017cy\u0142oby ludziom niewidomym. W\u00a01917 r. R\u00f3\u017ca Czacka przyj\u0119\u0142a habit franciszka\u0144ski i z\u0142o\u017cy\u0142a \u015bluby wieczyste w III Zakonie \u015bw. Franciszka. W maju kolejnego roku powr\u00f3ci\u0142a do Warszawy jako siostra El\u017cbieta i po uzyskaniu pozwole\u0144 przyj\u0119\u0142a kandydatki do nowego zgromadzenia, kt\u00f3re od 1 grudnia 1918 r. zaczyna istnie\u0107 jako Zgromadzenie Si\u00f3str Franciszkanek S\u0142u\u017cebnic Krzy\u017ca. Charyzmatem zgromadzenia sta\u0142a si\u0119 s\u0142u\u017cba niewidomym i wynagradzanie za\u00a0duchow\u0105 \u015blepot\u0119 \u015bwiata. Opiekunem duchowym Zgromadzenia i ca\u0142ego Dzie\u0142a zosta\u0142 ks. W\u0142adys\u0142aw Korni\u0142owicz. Cztery lata p\u00f3\u017aniej dzi\u0119ki otrzymanej darowi\u017anie ziemi w Laskach, Matka wraz ze \u015bwieckimi wsp\u00f3\u0142pracownikami rozpocz\u0119\u0142a budow\u0119 zak\u0142adu dla niewidomych, gdzie przeniesiona zosta\u0142a szko\u0142a i warsztaty oraz powsta\u0142 macierzysty dom Zgromadzenia. Dzie\u0142o Lasek sta\u0142o si\u0119 prekursorsk\u0105 plac\u00f3wk\u0105 daj\u0105c\u0105 niewidomym potrzebne im wykszta\u0142cenie i niezb\u0119dn\u0105 wiar\u0119 w samodzielno\u015b\u0107 oraz w\u0142asne mo\u017cliwo\u015bci.<\/p>\n<p><img decoding=\"async\" loading=\"lazy\" class=\"alignleft\" src=\"https:\/\/www.aleksanderfedorowicz.pl\/wp-content\/uploads\/2021\/12\/6.-Matka-Czacka-i-wspolpracownicy-czas-budowania-Lasek-1926-r.-AFSK-252x300.jpg\" sizes=\"(max-width: 252px) 100vw, 252px\" srcset=\"https:\/\/www.aleksanderfedorowicz.pl\/wp-content\/uploads\/2021\/12\/6.-Matka-Czacka-i-wspolpracownicy-czas-budowania-Lasek-1926-r.-AFSK-252x300.jpg 252w, https:\/\/www.aleksanderfedorowicz.pl\/wp-content\/uploads\/2021\/12\/6.-Matka-Czacka-i-wspolpracownicy-czas-budowania-Lasek-1926-r.-AFSK.jpg 403w\" alt=\"\" width=\"252\" height=\"300\" \/>\u00a0\u00a0 Laski sta\u0142y si\u0119 o\u015brodkiem duchowo\u015bci franciszka\u0144skiej przyci\u0105gaj\u0105cy nie tylko wierz\u0105cych, ale tak\u017ce tych poszukuj\u0105cych Boga. We wrze\u015bniu 1939 r., w czasie bombardowania Warszawy Matka zosta\u0142a ranna w g\u0142ow\u0119 i straci\u0142a oko. Po powrocie do domu nadal niez\u0142omnie kierowa\u0142a Dzie\u0142em i odbudow\u0105 zak\u0142adu. W czerwcu 1942 r. przysz\u0142y prymas kard. Stefan Wyszy\u0144ski zosta\u0142 kapelanem w Laskach, staj\u0105c si\u0119 bliskim wsp\u00f3\u0142pracownikiem matki Czackiej. W 1950 r. rozpocz\u0119\u0142a si\u0119 trwaj\u0105ca do \u015bmierci choroba R\u00f3\u017cy Czackiej. Przekaza\u0142a w\u00f3wczas kierownictwo swojej nast\u0119pczyni wspieraj\u0105c Dzie\u0142o modlitw\u0105, wskaz\u00f3wkami i ofiar\u0105 cierpienia. Matka El\u017cbieta R\u00f3\u017ca Czacka zmar\u0142a w opinii \u015bwi\u0119to\u015bci 15 maja 1961 r. w Laskach. Notatki, kt\u00f3re po sobie zostawi\u0142a pokazuj\u0105 jak g\u0142\u0119bokie duchowe \u017cycie prowadzi\u0142a Matka. W \u015blad za Biedaczyn\u0105 z Asy\u017cu, ka\u017cdy mijaj\u0105cy dzie\u0144 przyjmowa\u0142a jako dar, godz\u0105c si\u0119 na wol\u0119 Bo\u017c\u0105 i przyjmuj\u0105c j\u0105 z wdzi\u0119czno\u015bci\u0105:\u00a0<em>\u201eTobie ofiaruj\u0119 Krzy\u017c m\u00f3j ca\u0142odzienny, z mi\u0142o\u015bci ku Tobie, w zjednoczeniu z M\u0119k\u0105 Pana Jezusa na wi\u0119ksz\u0105 cze\u015b\u0107 i chwa\u0142\u0119 Twoj\u0105, na intencj\u0119 Ojca \u015awi\u0119tego Ko\u015bcio\u0142a \u015bwi\u0119tego i Ojczyzny, na zado\u015b\u0107uczynienie za grzechy moje, za grzechy ca\u0142ego \u015bwiata, a w szczeg\u00f3lno\u015bci za duchow\u0105 \u015blepot\u0119 ludzi. Przez Chrystusa, Pana naszego. Amen\u201d<\/em>. Te s\u0142owa Matczynej modlitwy powtarzaj\u0105 do dzisiaj nie tylko Siostry Franciszkanki, ale tak\u017ce \u015bwieccy zafascynowani duchowo\u015bci\u0105 Lasek. Ta modlitwa wzywa, by przyj\u0105\u0107 i ofiarowa\u0107 krzy\u017c wyrastaj\u0105cy na naszej drodze ka\u017cdego dnia.<\/p>\n<p>Najwi\u0119kszym pragnieniem Matki Czackiej by\u0142o przywr\u00f3cenie niewidomym takiej postawy, by poprzez zaakceptowanie swojego kalectwa stali si\u0119 aposto\u0142ami w\u015br\u00f3d widz\u0105cych, zw\u0142aszcza \u201eniewidomych na duszy\u201d, czyli ludzi oddalonych od Boga wskutek s\u0142abej wiary lub grzechu. Patrz\u0105c na odwiedzaj\u0105cych Laski ka\u017cdego dnia mo\u017cna domniema\u0107, \u017ce tak w\u0142a\u015bnie si\u0119 sta\u0142o. Ci, kt\u00f3rzy odwiedzaj\u0105 to miejsce wypraszaj\u0105 u grobu b\u0142ogos\u0142awionej liczne \u0142aski oraz odnajduj\u0105 pok\u00f3j serca.<\/p>\n<p><strong>\u201eOna jedna widz\u0105ca, a my wszyscy niewidomi\u201d \u2013 m\u00f3wi\u0142 o Matce zmar\u0142y w opinii \u015bwi\u0119to\u015bci pierwszy proboszcz Parafii \u015bw. Franciszka z Asy\u017cu ks. Aleksander Fedorowicz. I wiele os\u00f3b, kt\u00f3re cho\u0107 raz odwiedzi\u0142y to miejsce przyznaj\u0105, \u017ce dzi\u0119ki Matce odnalaz\u0142y \u015bwiat\u0142o w codziennej ciemno\u015bci swojego \u017cycia.<\/strong><\/p>\n<p><strong>Modlitwa za wstawiennictwem b\u0142ogos\u0142awionej Matki Czackiej<\/strong><\/p>\n<p><strong>Bo\u017ce, \u017ar\u00f3d\u0142o wszelkiej \u015bwi\u0119to\u015bci, kt\u00f3ry powo\u0142a\u0142e\u015b b\u0142ogos\u0142awion\u0105 Matk\u0119 El\u017cbiet\u0119 do s\u0142u\u017cenia Tobie w\u00a0niewidomych na duszy i na ciele i obdarzy\u0142e\u015b j\u0105 m\u0119stwem w d\u017awiganiu krzy\u017ca dla zado\u015b\u0107uczynienia za duchow\u0105 \u015blepot\u0119 ludzi, za jej wstawiennictwem udziel nam \u0142aski\u2026, o\u00a0kt\u00f3r\u0105 z pokor\u0105 i\u00a0ufno\u015bci\u0105 Ci\u0119 prosimy, dla wi\u0119kszej chwa\u0142y Tr\u00f3jcy Przenaj\u015bwi\u0119tszej. Amen.<\/strong><\/p>\n<p style=\"text-align: right;\"><em>opr. Magdalena Kami\u0144ska<\/em><\/p>\n<blockquote class=\"wp-embedded-content\" data-secret=\"f8P82RvAwU\"><p><a href=\"https:\/\/www.aleksanderfedorowicz.pl\/index.php\/publikacje\/za-przyczyna-matki-czackiej\/\">Za przyczyn\u0105 Matki Czackiej<\/a><\/p><\/blockquote>\n<p><iframe class=\"wp-embedded-content\" sandbox=\"allow-scripts\" security=\"restricted\" style=\"position: absolute; clip: rect(1px, 1px, 1px, 1px);\" title=\"&#8222;Za przyczyn\u0105 Matki Czackiej&#8221; &#8212; ks. Aleksander Fedorowicz\" src=\"https:\/\/www.aleksanderfedorowicz.pl\/index.php\/publikacje\/za-przyczyna-matki-czackiej\/embed\/#?secret=iyTj6NS5Gz#?secret=f8P82RvAwU\" data-secret=\"f8P82RvAwU\" width=\"600\" height=\"338\" frameborder=\"0\" marginwidth=\"0\" marginheight=\"0\" scrolling=\"no\"><\/iframe><\/p>\n","protected":false},"excerpt":{"rendered":"<p>MATKA NIEWIDOMYCH NA CIELE I DUSZY Pokora i prostota, ub\u00f3stwo i pos\u0142usze\u0144stwo to cnoty, kt\u00f3rymi niewidoma Matka niewidomych \u2013 siostra<\/p>\n<p><a href=\"https:\/\/www.ksiadzali.pl\/?page_id=38\" class=\"more-link\">Continue reading<span class=\"screen-reader-text\">Matka Czacka<\/span><\/a><\/p>\n","protected":false},"author":1,"featured_media":0,"parent":0,"menu_order":0,"comment_status":"closed","ping_status":"closed","template":"full-width.php","meta":[],"_links":{"self":[{"href":"https:\/\/www.ksiadzali.pl\/index.php?rest_route=\/wp\/v2\/pages\/38"}],"collection":[{"href":"https:\/\/www.ksiadzali.pl\/index.php?rest_route=\/wp\/v2\/pages"}],"about":[{"href":"https:\/\/www.ksiadzali.pl\/index.php?rest_route=\/wp\/v2\/types\/page"}],"author":[{"embeddable":true,"href":"https:\/\/www.ksiadzali.pl\/index.php?rest_route=\/wp\/v2\/users\/1"}],"replies":[{"embeddable":true,"href":"https:\/\/www.ksiadzali.pl\/index.php?rest_route=%2Fwp%2Fv2%2Fcomments&post=38"}],"version-history":[{"count":1,"href":"https:\/\/www.ksiadzali.pl\/index.php?rest_route=\/wp\/v2\/pages\/38\/revisions"}],"predecessor-version":[{"id":39,"href":"https:\/\/www.ksiadzali.pl\/index.php?rest_route=\/wp\/v2\/pages\/38\/revisions\/39"}],"wp:attachment":[{"href":"https:\/\/www.ksiadzali.pl\/index.php?rest_route=%2Fwp%2Fv2%2Fmedia&parent=38"}],"curies":[{"name":"wp","href":"https:\/\/api.w.org\/{rel}","templated":true}]}}