{"id":36,"date":"2022-11-03T21:50:39","date_gmt":"2022-11-03T21:50:39","guid":{"rendered":"https:\/\/www.ksiadzali.pl\/?page_id=36"},"modified":"2022-11-03T21:50:39","modified_gmt":"2022-11-03T21:50:39","slug":"ks-wladyslaw-kornilowicz","status":"publish","type":"page","link":"https:\/\/www.ksiadzali.pl\/?page_id=36","title":{"rendered":"Ks. W\u0142adys\u0142aw Korni\u0142owicz"},"content":{"rendered":"<p><b>SKROMNY OJCIEC POSZUKUJ\u0104CY BOGA<\/b><\/p>\n<p><img decoding=\"async\" loading=\"lazy\" class=\"alignleft\" style=\"color: var(--global-palette4); font-family: var(--global-body-font-family); margin-right: var(--global-md-spacing);\" src=\"https:\/\/www.aleksanderfedorowicz.pl\/wp-content\/uploads\/2021\/12\/Kornilowicz-225x300.jpg\" alt=\"\" width=\"225\" height=\"300\" \/><\/p>\n<p><strong>\u201eBiada mi, gdybym Ewangelii nie przepowiada\u0142\u201d \u2013 m\u00f3wi\u0142 niczym \u015bw. Pawe\u0142 ks. W\u0142adys\u0142aw Korni\u0142owicz &#8211; <\/strong><strong>jedna z kluczowych postaci polskiego Ko\u015bcio\u0142a pierwszej po\u0142owy XX w.\u00a0 <\/strong><strong>Skromny kap\u0142an &#8211; kierownik duchowy dzie\u0142a Lasek i ksi\u0105dz dzi\u0119ki kt\u00f3remu wiele os\u00f3b na nowo odnalaz\u0142o prawdziwy sens swojego \u017cycia. <\/strong><\/p>\n<p>W\u0142adys\u0142aw Korni\u0142owicz urodzi\u0142 si\u0119 5 sierpnia 1884 r. w Warszawie, gdzie sko\u0144czy\u0142 szko\u0142\u0119 i zgodnie z wol\u0105 \u2013 g\u0142\u00f3wnie swojego taty, wybitnego psychiatry &#8211; podj\u0105\u0142 studia przyrodnicze w Zurichu. Porzuci\u0142 je jednak i wst\u0105pi\u0142 do Seminarium Duchownego w Warszawie, a nast\u0119pnie studiowa\u0142 filozofi\u0119 i teologi\u0119 we Fryburgu. \u015awi\u0119cenia kap\u0142a\u0144skie otrzyma\u0142 6.04.1912 r. w Krakowie z r\u0105k ks. bpa Adama Sapiehy. Odci\u0119ty wojn\u0105 od macierzystej archidiecezji warszawskiej zosta\u0142 w latach 1914-1916 kapelanem Zak\u0142adu Jadwigi Zamoyskiej w Zakopanem, gdzie szczeg\u00f3ln\u0105 trosk\u0105 otacza\u0142 m\u0142odzie\u017c. Dwa lata p\u00f3\u017aniej pracowa\u0142 ju\u017c w stolicy jako wikariusz, archiwista i notariusz w Kurii Metropolitalnej. W 1918 r. pozna\u0142 M. El\u017cbiet\u0119 Czack\u0105, a po \u015bmierci pierwszego kierownika duchowego Zgromadzenia \u00a0\u2013 ks. Krawieckiego (\u20201920) \u2013 podj\u0105\u0142 dalej misj\u0119 anga\u017cuj\u0105c si\u0119 w Dzie\u0142o. Wkr\u00f3tce sta\u0142 si\u0119 kierownikiem duchowym, a nast\u0119pnie Ojcem ca\u0142ego \u201eDzie\u0142a Lasek\u201d, skupiaj\u0105cego r\u00f3\u017cne plac\u00f3wki opieki i szkolenia niewidomych, a tak\u017ce zwi\u0105zane z nimi apostolstwo wobec ludzi poszukuj\u0105cych wiary. W latach 1922-1930 pracowa\u0142 przy Katolickim Uniwersytecie Lubelskim zajmuj\u0105c si\u0119 formacj\u0105 kap\u0142an\u00f3w. To w\u0142a\u015bnie w\u00f3wczas na dobre rozpocz\u0119\u0142a si\u0119 przyja\u017a\u0144 Ojca z ks. Stefanem Wyszy\u0144skim. \u00a0&#8211; <em>W\u015br\u00f3d kap\u0142an\u00f3w, kt\u00f3rym przypisuj\u0119 najwi\u0119kszy wp\u0142yw na moje \u017cycie, w pierwszym rz\u0119dzie znajduje si\u0119 \u015bw. p. Ksi\u0105dz W\u0142adys\u0142aw Korni\u0142owicz (\u2026) Temu kap\u0142anowi zawdzi\u0119czam bardzo du\u017co (\u2026) \u2013 <\/em>pisa\u0142 we wspomnieniach p\u00f3\u017aniejszy Prymas Tysi\u0105clecia.<\/p>\n<p>W 1930 r. Ojciec W\u0142adys\u0142aw przeni\u00f3s\u0142 si\u0119 na sta\u0142e do Lasek kszta\u0142tuj\u0105c z Matk\u0105 Czack\u0105 duchowo\u015b\u0107 Zgromadzenia. Jednocze\u015bnie by\u0142 spowiednikiem i rekolekcjonist\u0105 szerokich kr\u0119g\u00f3w m\u0142odej inteligencji. W szerszym \u015brodowisku zwi\u0105zanym z Dzie\u0142em Lasek ros\u0142a potrzeba apostolstwa s\u0142owa pisanego. W 1931 r. z inicjatywy Ojca podj\u0119tej wraz z uczestnikami \u201eK\u00f3\u0142ka\u201d powsta\u0142a Ksi\u0119garnia, Wydawnictwo \u201eVerbum\u201d oraz czasopismo o tej nazwie, kt\u00f3re wychodzi\u0142o w latach 1934-1939, zajmuj\u0105c czo\u0142owe miejsce w\u015br\u00f3d periodyk\u00f3w katolickich w kraju. Okupacja nie przerwa\u0142a \u017carliwej aktywno\u015bci duszpasterskiej O. Korni\u0142owicza. Zmuszony do ukrywania si\u0119 przed Niemcami i wyjazdu do \u017bu\u0142owa odwiedza\u0142 zaprzyja\u017anione dwory, kt\u00f3re sta\u0142y si\u0119 miejscem zebra\u0144 i rekolekcji. Niestety, od 1942 r. rozpocz\u0119\u0142y si\u0119 problemy zdrowotne. Na g\u0142owie kap\u0142ana pojawi\u0142 si\u0119 guz, kt\u00f3ry z czasem przerodzi\u0142 si\u0119 w nowotw\u00f3r. Ojciec by\u0142 dwukrotnie operowany. Do ko\u0144ca &#8211; w szpitalu i w Laskach &#8211; przyjmowa\u0142 odwiedzaj\u0105cych nawi\u0105zuj\u0105c z nimi mimo utraty mowy kontakt oraz wys\u0142uchuj\u0105c ich z trosk\u0105 i uwag\u0105. Odszed\u0142 26 wrze\u015bnia 1946 r. w opinii \u015bwi\u0119to\u015bci. <em>\u2013 By\u0142 ws\u0142uchany w drugiego cz\u0142owieka, pe\u0142en pokoju i cierpliwo\u015bci\u2026<\/em> &#8211; podkre\u015bla S. Rados\u0142awa Podg\u00f3rska ze Zgromadzenia Si\u00f3str Franciszkanek, kt\u00f3ra jest autork\u0105 positio Ojca.<\/p>\n<p>13 kwietnia 1978 r. Stolica Apostolska wyda\u0142a zgod\u0119 na rozpocz\u0119cie procesu beatyfikacyjnego. We wrze\u015bniu tego samego roku kard. Stefan Wyszy\u0144ski rozpocz\u0105\u0142 proces informacyjny na poziomie diecezji, kt\u00f3ry zako\u0144czy\u0142 si\u0119 w 1995 r. Nast\u0119pnie akta procesu zosta\u0142y przekazane Kongregacji Spraw Kanonizacyjnych do Rzymu, a w kolejnych latach z\u0142o\u017cone zosta\u0142o positio (\u0142ac. <em>Positio super Virtutibus<\/em> \u2013 dokument lub zbi\u00f3r dokument\u00f3w w Ko\u015bciele katolickim wykorzystywanych w procesie beatyfikacyjnym, w kt\u00f3rym osobie zmar\u0142ej przys\u0142uguje tytu\u0142 S\u0142ugi Bo\u017cego). \u00a0Dekret o \u00a0heroiczno\u015bci \u017cycia i cn\u00f3t ks. Korni\u0142owicza Papie\u017c Franciszek zatwierdzi\u0142 5 lipca 2019 r. Odt\u0105d skromnemu Ojcu z Lasek przys\u0142uguje tytu\u0142 Czcigodnego S\u0142ugi Bo\u017cego. Podobnie jak w przypadku innych b\u0142ogos\u0142awionych potrzeba teraz cudu do wyniesienia Ojca na o\u0142tarze&#8230;<\/p>\n<p><em style=\"text-align: right; font-family: var(--global-body-font-family);\">Opr. Magdalena Kami\u0144ska<\/em><\/p>\n<p><strong>Modlitwa o beatyfikacj\u0119 Ojca W\u0142adys\u0142awa Korni\u0142owicza.<\/strong><\/p>\n<p>Panie Jezu Chryste, kt\u00f3ry\u015b s\u0142udze Twemu W\u0142adys\u0142awowi da\u0142 \u0142ask\u0119 ods\u0142aniania nam swych tajemnic\u00a0i zapalania serc ogniem Twej mi\u0142o\u015bci, wys\u0142uchaj za jego przyczyn\u0105 pr\u00f3\u015bb naszych i oka\u017c nam mi\u0142osierdzie swoje. Pozw\u00f3l te\u017c, Panie, aby\u015bmy go na o\u0142tarzach czci\u0107 mogli, dla wi\u0119kszej chwa\u0142y Twojej. Amen.<\/p>\n","protected":false},"excerpt":{"rendered":"<p>SKROMNY OJCIEC POSZUKUJ\u0104CY BOGA \u201eBiada mi, gdybym Ewangelii nie przepowiada\u0142\u201d \u2013 m\u00f3wi\u0142 niczym \u015bw. Pawe\u0142 ks. W\u0142adys\u0142aw Korni\u0142owicz &#8211; jedna<\/p>\n<p><a href=\"https:\/\/www.ksiadzali.pl\/?page_id=36\" class=\"more-link\">Continue reading<span class=\"screen-reader-text\">Ks. W\u0142adys\u0142aw Korni\u0142owicz<\/span><\/a><\/p>\n","protected":false},"author":1,"featured_media":0,"parent":0,"menu_order":0,"comment_status":"closed","ping_status":"closed","template":"full-width.php","meta":[],"_links":{"self":[{"href":"https:\/\/www.ksiadzali.pl\/index.php?rest_route=\/wp\/v2\/pages\/36"}],"collection":[{"href":"https:\/\/www.ksiadzali.pl\/index.php?rest_route=\/wp\/v2\/pages"}],"about":[{"href":"https:\/\/www.ksiadzali.pl\/index.php?rest_route=\/wp\/v2\/types\/page"}],"author":[{"embeddable":true,"href":"https:\/\/www.ksiadzali.pl\/index.php?rest_route=\/wp\/v2\/users\/1"}],"replies":[{"embeddable":true,"href":"https:\/\/www.ksiadzali.pl\/index.php?rest_route=%2Fwp%2Fv2%2Fcomments&post=36"}],"version-history":[{"count":1,"href":"https:\/\/www.ksiadzali.pl\/index.php?rest_route=\/wp\/v2\/pages\/36\/revisions"}],"predecessor-version":[{"id":37,"href":"https:\/\/www.ksiadzali.pl\/index.php?rest_route=\/wp\/v2\/pages\/36\/revisions\/37"}],"wp:attachment":[{"href":"https:\/\/www.ksiadzali.pl\/index.php?rest_route=%2Fwp%2Fv2%2Fmedia&parent=36"}],"curies":[{"name":"wp","href":"https:\/\/api.w.org\/{rel}","templated":true}]}}