{"id":32,"date":"2022-11-03T21:48:02","date_gmt":"2022-11-03T21:48:02","guid":{"rendered":"https:\/\/www.ksiadzali.pl\/?page_id=32"},"modified":"2022-11-03T21:48:02","modified_gmt":"2022-11-03T21:48:02","slug":"z-miloscia-ku-tobie","status":"publish","type":"page","link":"https:\/\/www.ksiadzali.pl\/?page_id=32","title":{"rendered":"Z mi\u0142o\u015bci\u0105 ku Tobie"},"content":{"rendered":"<p><img decoding=\"async\" loading=\"lazy\" class=\"alignnone wp-image-724 size-full\" src=\"https:\/\/www.aleksanderfedorowicz.pl\/wp-content\/uploads\/2021\/12\/17-scaled.jpg\" alt=\"\" width=\"1937\" height=\"2560\" \/><\/p>\n","protected":false},"excerpt":{"rendered":"","protected":false},"author":1,"featured_media":0,"parent":0,"menu_order":0,"comment_status":"closed","ping_status":"closed","template":"full-width.php","meta":[],"_links":{"self":[{"href":"https:\/\/www.ksiadzali.pl\/index.php?rest_route=\/wp\/v2\/pages\/32"}],"collection":[{"href":"https:\/\/www.ksiadzali.pl\/index.php?rest_route=\/wp\/v2\/pages"}],"about":[{"href":"https:\/\/www.ksiadzali.pl\/index.php?rest_route=\/wp\/v2\/types\/page"}],"author":[{"embeddable":true,"href":"https:\/\/www.ksiadzali.pl\/index.php?rest_route=\/wp\/v2\/users\/1"}],"replies":[{"embeddable":true,"href":"https:\/\/www.ksiadzali.pl\/index.php?rest_route=%2Fwp%2Fv2%2Fcomments&post=32"}],"version-history":[{"count":1,"href":"https:\/\/www.ksiadzali.pl\/index.php?rest_route=\/wp\/v2\/pages\/32\/revisions"}],"predecessor-version":[{"id":33,"href":"https:\/\/www.ksiadzali.pl\/index.php?rest_route=\/wp\/v2\/pages\/32\/revisions\/33"}],"wp:attachment":[{"href":"https:\/\/www.ksiadzali.pl\/index.php?rest_route=%2Fwp%2Fv2%2Fmedia&parent=32"}],"curies":[{"name":"wp","href":"https:\/\/api.w.org\/{rel}","templated":true}]}}