{"id":10,"date":"2022-11-03T21:36:37","date_gmt":"2022-11-03T21:36:37","guid":{"rendered":"https:\/\/www.ksiadzali.pl\/?page_id=10"},"modified":"2022-11-03T21:36:37","modified_gmt":"2022-11-03T21:36:37","slug":"miejsce-spoczynku","status":"publish","type":"page","link":"https:\/\/www.ksiadzali.pl\/?page_id=10","title":{"rendered":"Miejsce spoczynku"},"content":{"rendered":"<p>Miejscowy cmentarz usytuowany jest bezpo\u015brednio przy terenie Parafii \u015bw. Franciszka z Asy\u017cu w Izabelinie. Mo\u017cna do niego doj\u015b\u0107 ul. Ks. Aleksandra Fedorowicza oraz boczn\u0105 drog\u0105, terenem parafialnym. Pierwszy proboszcz Parafii \u015bw. Franciszka z Asy\u017cu zmar\u0142 w opinii \u015bwi\u0119to\u015bci we czwartek, 15 lipca 1965 r. \u017cegnany przez t\u0142umnie odwiedzaj\u0105cych go do samego ko\u0144ca wiernych. Pochowany zosta\u0142 na izabeli\u0144skim cmentarzu w sobot\u0119 17 lipca. Pomimo ulewnego deszczu wierni t\u0142umnie przyszli odprowadzi\u0107 do grobu cia\u0142o ukochanego Ojca. Zgodnie z Jego wol\u0105 \u2013 na grobie wyryty zosta\u0142 cytat z Ewangelii \u015bw. Jana \u201eB\u00f3g jest Mi\u0142o\u015bci\u0105\u201d. Kolejni proboszczowie dbaj\u0105 o gr\u00f3b ks. Alego. Przychodz\u0105 te\u017c wierni, kt\u00f3rzy coraz liczniej wypraszaj\u0105 \u0142aski u Pana Boga za wstawiennictwem u\u015bmiechni\u0119tego ks. Alego.<\/p>\n\n","protected":false},"excerpt":{"rendered":"<p>Miejscowy cmentarz usytuowany jest bezpo\u015brednio przy terenie Parafii \u015bw. Franciszka z Asy\u017cu w Izabelinie. Mo\u017cna do niego doj\u015b\u0107 ul. Ks.<\/p>\n<p><a href=\"https:\/\/www.ksiadzali.pl\/?page_id=10\" class=\"more-link\">Continue reading<span class=\"screen-reader-text\">Miejsce spoczynku<\/span><\/a><\/p>\n","protected":false},"author":1,"featured_media":0,"parent":0,"menu_order":0,"comment_status":"closed","ping_status":"closed","template":"full-width.php","meta":[],"_links":{"self":[{"href":"https:\/\/www.ksiadzali.pl\/index.php?rest_route=\/wp\/v2\/pages\/10"}],"collection":[{"href":"https:\/\/www.ksiadzali.pl\/index.php?rest_route=\/wp\/v2\/pages"}],"about":[{"href":"https:\/\/www.ksiadzali.pl\/index.php?rest_route=\/wp\/v2\/types\/page"}],"author":[{"embeddable":true,"href":"https:\/\/www.ksiadzali.pl\/index.php?rest_route=\/wp\/v2\/users\/1"}],"replies":[{"embeddable":true,"href":"https:\/\/www.ksiadzali.pl\/index.php?rest_route=%2Fwp%2Fv2%2Fcomments&post=10"}],"version-history":[{"count":1,"href":"https:\/\/www.ksiadzali.pl\/index.php?rest_route=\/wp\/v2\/pages\/10\/revisions"}],"predecessor-version":[{"id":11,"href":"https:\/\/www.ksiadzali.pl\/index.php?rest_route=\/wp\/v2\/pages\/10\/revisions\/11"}],"wp:attachment":[{"href":"https:\/\/www.ksiadzali.pl\/index.php?rest_route=%2Fwp%2Fv2%2Fmedia&parent=10"}],"curies":[{"name":"wp","href":"https:\/\/api.w.org\/{rel}","templated":true}]}}